{"id":1174,"date":"2023-08-07T08:11:11","date_gmt":"2023-08-07T06:11:11","guid":{"rendered":"https:\/\/epcharger.hu\/about\/"},"modified":"2024-03-26T13:38:50","modified_gmt":"2024-03-26T12:38:50","slug":"ueber","status":"publish","type":"page","link":"https:\/\/epcharger.hu\/de\/ueber\/","title":{"rendered":"\u00dcber uns"},"content":{"rendered":"\n<style type=\"text\/css\" data-created_by=\"avia_inline_auto\" id=\"style-css-av-5cnw-36ef52f39c6f7acf2ea40299fecbe2a5\">\n.avia-section.av-5cnw-36ef52f39c6f7acf2ea40299fecbe2a5 .av-extra-border-element .av-extra-border-inner{\nbackground-color:#007b5e;\n}\n<\/style>\n<div id='av_section_1'  class='avia-section av-5cnw-36ef52f39c6f7acf2ea40299fecbe2a5 alternate_color avia-section-default avia-no-border-styling  avia-builder-el-0  el_before_av_section  avia-builder-el-first  avia-bg-style-fixed av-arrow-down-section av-minimum-height av-minimum-height-custom av-height-custom  container_wrap fullsize'   data-av_minimum_height_px='150'><div class='container av-section-cont-open' style='height:150px'><main  role=\"main\" itemprop=\"mainContentOfPage\"  class='template-page content  av-content-full alpha units'><div class='post-entry post-entry-type-page post-entry-1174'><div class='entry-content-wrapper clearfix'>\n\n<style type=\"text\/css\" data-created_by=\"avia_inline_auto\" id=\"style-css-av-2qo0-c28ea9d549f42dfaad15a4f947a0428d\">\n#top .av-special-heading.av-2qo0-c28ea9d549f42dfaad15a4f947a0428d{\npadding-bottom:10px;\n}\nbody .av-special-heading.av-2qo0-c28ea9d549f42dfaad15a4f947a0428d .av-special-heading-tag .heading-char{\nfont-size:25px;\n}\n.av-special-heading.av-2qo0-c28ea9d549f42dfaad15a4f947a0428d .av-subheading{\nfont-size:15px;\n}\n<\/style>\n<div  class='av-special-heading av-2qo0-c28ea9d549f42dfaad15a4f947a0428d av-special-heading-h1 blockquote modern-quote modern-centered  avia-builder-el-1  avia-builder-el-no-sibling '><h1 class='av-special-heading-tag'  itemprop=\"headline\"  >\u00dcber uns<\/h1><div class=\"special-heading-border\"><div class=\"special-heading-inner-border\"><\/div><\/div><\/div>\n\n<\/div><\/div><\/main><!-- close content main element --><\/div><div class='av-extra-border-element border-extra-arrow-down'><div class='av-extra-border-outer'><div class='av-extra-border-inner'><\/div><\/div><\/div><\/div><div id='av_section_2'  class='avia-section av-ws3o-e1d1312ea85df3740e25fe088ad00e4c main_color avia-section-default avia-no-border-styling  avia-builder-el-2  el_after_av_section  el_before_av_section  avia-bg-style-scroll container_wrap fullsize'  ><div class='container av-section-cont-open' ><div class='template-page content  av-content-full alpha units'><div class='post-entry post-entry-type-page post-entry-1174'><div class='entry-content-wrapper clearfix'>\n<div class='flex_column_table av-v6oq-4e727647b6e2283d1451850e12189b40 sc-av_one_third av-equal-height-column-flextable'>\n<style type=\"text\/css\" data-created_by=\"avia_inline_auto\" id=\"style-css-av-v6oq-4e727647b6e2283d1451850e12189b40\">\n.flex_column.av-v6oq-4e727647b6e2283d1451850e12189b40{\nborder-radius:15px 15px 15px 15px;\npadding:1.5rem 1.5rem 1.5rem 1.5rem;\nbackground-color:#007b5e;\n}\n.avia_transform .flex_column.av-v6oq-4e727647b6e2283d1451850e12189b40{\nanimation-duration:2s;\n}\n<\/style>\n<div  class='flex_column av-v6oq-4e727647b6e2283d1451850e12189b40 av_one_third  avia-builder-el-3  el_before_av_one_third  avia-builder-el-first  first flex_column_table_cell av-equal-height-column av-align-top av-animated-generic left-to-right  '     ><style type=\"text\/css\" data-created_by=\"avia_inline_auto\" id=\"style-css-av-ll0tskqw-1a9422c07f2a9308b6b8f0cb88f94f1d\">\n.iconbox.av-ll0tskqw-1a9422c07f2a9308b6b8f0cb88f94f1d .iconbox_icon{\nbackground-color:#afcb08;\nborder:1px solid #afcb08;\ncolor:#000000;\n}\n#top #wrap_all .iconbox.av-ll0tskqw-1a9422c07f2a9308b6b8f0cb88f94f1d .iconbox_content_title{\ncolor:#ffffff;\n}\n.iconbox.av-ll0tskqw-1a9422c07f2a9308b6b8f0cb88f94f1d .iconbox_content_container{\ncolor:#ffffff;\n}\n<\/style>\n<article  class='iconbox iconbox_top av-ll0tskqw-1a9422c07f2a9308b6b8f0cb88f94f1d av-no-box  avia-builder-el-4  avia-builder-el-no-sibling '  itemscope=\"itemscope\" itemtype=\"https:\/\/schema.org\/CreativeWork\" ><div class=\"iconbox_content\"><header class=\"entry-content-header\"><div class=\"iconbox_icon heading-color\" aria-hidden='true' data-av_icon='\uea39' data-av_iconfont='fontello'><\/div><h3 class='iconbox_content_title '  itemprop=\"headline\" >Unsere Mission<\/h3><\/header><div class='iconbox_content_container av_inherit_color'  itemprop=\"text\" ><p>Innovative L\u00f6sungen und umfassenden Service bieten, um die Effizienz der Elektromobilit\u00e4t zu steigern.<\/p>\n<\/div><\/div><footer class=\"entry-footer\"><\/footer><\/article><\/div><div class='av-flex-placeholder'><\/div>\n<style type=\"text\/css\" data-created_by=\"avia_inline_auto\" id=\"style-css-av-pyy4-0ea3de228d3d4b0b3a3147f20cc6e710\">\n.flex_column.av-pyy4-0ea3de228d3d4b0b3a3147f20cc6e710{\nborder-radius:15px 15px 15px 15px;\npadding:1.5rem 1.5rem 1.5rem 1.5rem;\nbackground-color:#007b5e;\n}\n<\/style>\n<div  class='flex_column av-pyy4-0ea3de228d3d4b0b3a3147f20cc6e710 av_one_third  avia-builder-el-5  el_after_av_one_third  el_before_av_one_third  flex_column_table_cell av-equal-height-column av-align-top av-animated-generic bottom-to-top  '     ><style type=\"text\/css\" data-created_by=\"avia_inline_auto\" id=\"style-css-av-ll0tta0s-5a280ed5df86ae2b1af4e2b10381b736\">\n.iconbox.av-ll0tta0s-5a280ed5df86ae2b1af4e2b10381b736 .iconbox_icon{\nbackground-color:#afcb08;\nborder:1px solid #afcb08;\ncolor:#000000;\n}\n#top #wrap_all .iconbox.av-ll0tta0s-5a280ed5df86ae2b1af4e2b10381b736 .iconbox_content_title{\ncolor:#ffffff;\n}\n.iconbox.av-ll0tta0s-5a280ed5df86ae2b1af4e2b10381b736 .iconbox_content_container{\ncolor:#ffffff;\n}\n<\/style>\n<article  class='iconbox iconbox_top av-ll0tta0s-5a280ed5df86ae2b1af4e2b10381b736 av-no-box  avia-builder-el-6  avia-builder-el-no-sibling '  itemscope=\"itemscope\" itemtype=\"https:\/\/schema.org\/CreativeWork\" ><div class=\"iconbox_content\"><header class=\"entry-content-header\"><div class=\"iconbox_icon heading-color\" aria-hidden='true' data-av_icon='\ue9c6' data-av_iconfont='fontello'><\/div><h3 class='iconbox_content_title '  itemprop=\"headline\" >Vision<\/h3><\/header><div class='iconbox_content_container av_inherit_color'  itemprop=\"text\" ><p>Mit unseren Produkten daf\u00fcr sorgen, dass wir das Leben der Menschen in Bezug auf die Ladung ihrer Elektrofahrzeuge einfacher und komfortabler gestalten.<\/p>\n<\/div><\/div><footer class=\"entry-footer\"><\/footer><\/article><\/div><div class='av-flex-placeholder'><\/div>\n<style type=\"text\/css\" data-created_by=\"avia_inline_auto\" id=\"style-css-av-mhte-6da5195c78ee42622012b2a60dbc35df\">\n.flex_column.av-mhte-6da5195c78ee42622012b2a60dbc35df{\nborder-radius:15px 15px 15px 15px;\npadding:1.5rem 1.5rem 1.5rem 1.5rem;\nbackground-color:#007b5e;\n}\n<\/style>\n<div  class='flex_column av-mhte-6da5195c78ee42622012b2a60dbc35df av_one_third  avia-builder-el-7  el_after_av_one_third  avia-builder-el-last  flex_column_table_cell av-equal-height-column av-align-top av-animated-generic right-to-left  '     ><style type=\"text\/css\" data-created_by=\"avia_inline_auto\" id=\"style-css-av-ll0txfyd-007753480899ca1021a6843ffe8c3a07\">\n.iconbox.av-ll0txfyd-007753480899ca1021a6843ffe8c3a07 .iconbox_icon{\nbackground-color:#afcb08;\nborder:1px solid #afcb08;\ncolor:#000000;\n}\n#top #wrap_all .iconbox.av-ll0txfyd-007753480899ca1021a6843ffe8c3a07 .iconbox_content_title{\ncolor:#ffffff;\n}\n.iconbox.av-ll0txfyd-007753480899ca1021a6843ffe8c3a07 .iconbox_content_container{\ncolor:#ffffff;\n}\n<\/style>\n<article  class='iconbox iconbox_top av-ll0txfyd-007753480899ca1021a6843ffe8c3a07 av-no-box  avia-builder-el-8  avia-builder-el-no-sibling '  itemscope=\"itemscope\" itemtype=\"https:\/\/schema.org\/CreativeWork\" ><div class=\"iconbox_content\"><header class=\"entry-content-header\"><div class=\"iconbox_icon heading-color\" aria-hidden='true' data-av_icon='\ue816' data-av_iconfont='fontello'><\/div><h3 class='iconbox_content_title '  itemprop=\"headline\" >Werte<\/h3><\/header><div class='iconbox_content_container av_inherit_color'  itemprop=\"text\" ><section class=\"elementor-section elementor-top-section elementor-element elementor-element-5433b239 elementor-section-full_width elementor-section-height-default elementor-section-height-default\" data-id=\"5433b239\" data-element_type=\"section\">\n<div class=\"elementor-container elementor-column-gap-default\">\n<div class=\"elementor-column elementor-col-100 elementor-top-column elementor-element elementor-element-4041d1dd\" data-id=\"4041d1dd\" data-element_type=\"column\">\n<div class=\"elementor-widget-wrap elementor-element-populated\">\n<section class=\"elementor-section elementor-inner-section elementor-element elementor-element-2f7dbd78 elementor-section-boxed elementor-section-height-default elementor-section-height-default animated fadeInUp\" data-id=\"2f7dbd78\" data-element_type=\"section\" data-settings=\"{\">\n<div class=\"elementor-container elementor-column-gap-default\">\n<div class=\"elementor-column elementor-col-33 elementor-inner-column elementor-element elementor-element-358d9b4b\" data-id=\"358d9b4b\" data-element_type=\"column\">\n<div class=\"elementor-widget-wrap elementor-element-populated\">\n<div class=\"elementor-element elementor-element-6df48c92 ekit-equal-height-disable elementor-widget elementor-widget-elementskit-icon-box\" data-id=\"6df48c92\" data-element_type=\"widget\" data-widget_type=\"elementskit-icon-box.default\">\n<div class=\"elementor-widget-container\">\n<div class=\"ekit-wid-con\">\n<div class=\"elementskit-infobox text-center text- icon-top-align elementor-animation- \">\n<div class=\"box-body\">\n<p>Kundenorientierung, Hilfsbereitschaft, Teamarbeit, Aufmerksamkeit, Erfolg, Innovation.<\/p>\n<\/div>\n<\/div>\n<\/div>\n<\/div>\n<\/div>\n<\/div>\n<\/div>\n<\/div>\n<\/section>\n<\/div>\n<\/div>\n<\/div>\n<\/section>\n<\/div><\/div><footer class=\"entry-footer\"><\/footer><\/article><\/div><\/div><!--close column table wrapper. Autoclose: 1 --><\/div><\/div><\/div><!-- close content main div --><\/div><\/div><div id='av_section_3'  class='avia-section av-hvju-0320ea1c1cee13cbcc971426f1a58054 main_color avia-section-default avia-no-border-styling  avia-builder-el-9  el_after_av_section  el_before_av_section  avia-bg-style-scroll container_wrap fullsize'  ><div class='container av-section-cont-open' ><div class='template-page content  av-content-full alpha units'><div class='post-entry post-entry-type-page post-entry-1174'><div class='entry-content-wrapper clearfix'>\n<div  class='flex_column av-1m8q-0ae5da688c249fe294a0a29c2ab8c5b4 av_one_half  avia-builder-el-10  el_before_av_one_half  avia-builder-el-first  first flex_column_div  '     ><p>\n<style type=\"text\/css\" data-created_by=\"avia_inline_auto\" id=\"style-css-av-ll0u4hcn-856055789e880b9889560cf9fa10544c\">\n#top .av-special-heading.av-ll0u4hcn-856055789e880b9889560cf9fa10544c{\npadding-bottom:10px;\n}\nbody .av-special-heading.av-ll0u4hcn-856055789e880b9889560cf9fa10544c .av-special-heading-tag .heading-char{\nfont-size:25px;\n}\n.av-special-heading.av-ll0u4hcn-856055789e880b9889560cf9fa10544c .av-subheading{\nfont-size:15px;\n}\n<\/style>\n<div  class='av-special-heading av-ll0u4hcn-856055789e880b9889560cf9fa10544c av-special-heading-h2 blockquote modern-quote  avia-builder-el-11  el_before_av_textblock  avia-builder-el-first '><h2 class='av-special-heading-tag'  itemprop=\"headline\"  >Unsere Ziele<\/h2><div class=\"special-heading-border\"><div class=\"special-heading-inner-border\"><\/div><\/div><\/div><br \/>\n<section  class='av_textblock_section av-ll0u5ksu-25c886efd1e579a469ff08e399c213f8 '   itemscope=\"itemscope\" itemtype=\"https:\/\/schema.org\/CreativeWork\" ><div class='avia_textblock'  itemprop=\"text\" ><p><strong>Ein herausragender Beitrag zur Gestaltung einer umweltbewussteren Verkehrskultur zu leisten.<\/strong><\/p>\n<p>Wir, die Mitarbeiter der <strong>Elektro Profi Mobility Kft.<\/strong>, glauben daran, dass die Elektromobilit\u00e4t eine der f\u00fchrenden Branchen der Zukunft sein wird, die ma\u00dfgeblich dazu beitr\u00e4gt, unsere zuk\u00fcnftigen Ziele f\u00fcr eine sauberere Umwelt zu erreichen.<\/p>\n<p>Unser Ziel ist es, Ladeger\u00e4te herzustellen und Ladestationen zu errichten, mit denen Elektroautofahrer einfach und \u00e4u\u00dferst bequem laden k\u00f6nnen, um somit die Zukunft des nachhaltigeren Autofahrens zu gew\u00e4hrleisten.<\/p>\n<\/div><\/section><\/p><\/div><div  class='flex_column av-d7t8-3fad343408c563fe6d654da4612faefb av_one_half  avia-builder-el-13  el_after_av_one_half  avia-builder-el-last  flex_column_div  '     ><style type=\"text\/css\" data-created_by=\"avia_inline_auto\" id=\"style-css-av-ll0u82vc-4fae416b23dccc9ae556d7ef9939fdb6\">\n.avia-image-container.av-ll0u82vc-4fae416b23dccc9ae556d7ef9939fdb6 img.avia_image{\nbox-shadow:none;\n}\n.avia-image-container.av-ll0u82vc-4fae416b23dccc9ae556d7ef9939fdb6 .av-image-caption-overlay-center{\ncolor:#ffffff;\n}\n<\/style>\n<div  class='avia-image-container av-ll0u82vc-4fae416b23dccc9ae556d7ef9939fdb6 av-styling- avia-align-center  avia-builder-el-14  avia-builder-el-no-sibling '   itemprop=\"image\" itemscope=\"itemscope\" itemtype=\"https:\/\/schema.org\/ImageObject\" ><div class=\"avia-image-container-inner\"><div class=\"avia-image-overlay-wrap\"><img decoding=\"async\" class='wp-image-1175 avia-img-lazy-loading-not-1175 avia_image ' src=\"https:\/\/epcharger.hu\/wp-content\/uploads\/Kulso-Elektro-Profi-Mobility-1024x521.jpg\" alt='' title='K\u00fcls\u0151 - Elektro Profi Mobility'  height=\"521\" width=\"1024\"  itemprop=\"thumbnailUrl\" srcset=\"https:\/\/epcharger.hu\/wp-content\/uploads\/Kulso-Elektro-Profi-Mobility-1024x521.jpg 1024w, https:\/\/epcharger.hu\/wp-content\/uploads\/Kulso-Elektro-Profi-Mobility-300x153.jpg 300w, https:\/\/epcharger.hu\/wp-content\/uploads\/Kulso-Elektro-Profi-Mobility-768x391.jpg 768w, https:\/\/epcharger.hu\/wp-content\/uploads\/Kulso-Elektro-Profi-Mobility-1500x763.jpg 1500w, https:\/\/epcharger.hu\/wp-content\/uploads\/Kulso-Elektro-Profi-Mobility-705x359.jpg 705w, https:\/\/epcharger.hu\/wp-content\/uploads\/Kulso-Elektro-Profi-Mobility.jpg 1507w\" sizes=\"(max-width: 1024px) 100vw, 1024px\" \/><\/div><\/div><\/div><\/div><\/div><\/div><\/div><!-- close content main div --><\/div><\/div>\n<style type=\"text\/css\" data-created_by=\"avia_inline_auto\" id=\"style-css-av-ll0u8xv1-86b871d982fffc96414ce3768a3e953d\">\n.avia-section.av-ll0u8xv1-86b871d982fffc96414ce3768a3e953d{\nbackground-color:#f8f8f8;\nbackground-image:unset;\n}\n<\/style>\n<div id='av_section_4'  class='avia-section av-ll0u8xv1-86b871d982fffc96414ce3768a3e953d main_color avia-section-default avia-no-border-styling  avia-builder-el-15  el_after_av_section  el_before_av_section  avia-bg-style-scroll container_wrap fullsize'  ><div class='container av-section-cont-open' ><div class='template-page content  av-content-full alpha units'><div class='post-entry post-entry-type-page post-entry-1174'><div class='entry-content-wrapper clearfix'>\n<div  class='flex_column av-c5aa-40010f852c3ac1f97a2174dc5675bb8e av_one_half  avia-builder-el-16  el_before_av_one_half  avia-builder-el-first  first flex_column_div  '     ><style type=\"text\/css\" data-created_by=\"avia_inline_auto\" id=\"style-css-av-ll0uel73-5af99d44d04f48f7492986d536aba2fb\">\n.avia-image-container.av-ll0uel73-5af99d44d04f48f7492986d536aba2fb img.avia_image{\nbox-shadow:none;\n}\n.avia-image-container.av-ll0uel73-5af99d44d04f48f7492986d536aba2fb .av-image-caption-overlay-center{\ncolor:#ffffff;\n}\n<\/style>\n<div  class='avia-image-container av-ll0uel73-5af99d44d04f48f7492986d536aba2fb av-styling- avia-align-center  avia-builder-el-17  avia-builder-el-no-sibling '   itemprop=\"image\" itemscope=\"itemscope\" itemtype=\"https:\/\/schema.org\/ImageObject\" ><div class=\"avia-image-container-inner\"><div class=\"avia-image-overlay-wrap\"><img decoding=\"async\" class='wp-image-1179 avia-img-lazy-loading-not-1179 avia_image ' src=\"https:\/\/epcharger.hu\/wp-content\/uploads\/kezfogas-1024x519.jpg\" alt='' title='k\u00e9zfog\u00e1s'  height=\"519\" width=\"1024\"  itemprop=\"thumbnailUrl\" srcset=\"https:\/\/epcharger.hu\/wp-content\/uploads\/kezfogas-1024x519.jpg 1024w, https:\/\/epcharger.hu\/wp-content\/uploads\/kezfogas-300x152.jpg 300w, https:\/\/epcharger.hu\/wp-content\/uploads\/kezfogas-768x390.jpg 768w, https:\/\/epcharger.hu\/wp-content\/uploads\/kezfogas-1536x779.jpg 1536w, https:\/\/epcharger.hu\/wp-content\/uploads\/kezfogas-1500x761.jpg 1500w, https:\/\/epcharger.hu\/wp-content\/uploads\/kezfogas-705x358.jpg 705w, https:\/\/epcharger.hu\/wp-content\/uploads\/kezfogas.jpg 1920w\" sizes=\"(max-width: 1024px) 100vw, 1024px\" \/><\/div><\/div><\/div><\/div><div  class='flex_column av-a8ww-9575f4e746c13beded118a041fbcf969 av_one_half  avia-builder-el-18  el_after_av_one_half  avia-builder-el-last  flex_column_div  '     ><p>\n<style type=\"text\/css\" data-created_by=\"avia_inline_auto\" id=\"style-css-av-ll0u9nrq-61c4039656b346cc822453d22a353263\">\n#top .av-special-heading.av-ll0u9nrq-61c4039656b346cc822453d22a353263{\npadding-bottom:10px;\n}\nbody .av-special-heading.av-ll0u9nrq-61c4039656b346cc822453d22a353263 .av-special-heading-tag .heading-char{\nfont-size:25px;\n}\n.av-special-heading.av-ll0u9nrq-61c4039656b346cc822453d22a353263 .av-subheading{\nfont-size:15px;\n}\n<\/style>\n<div  class='av-special-heading av-ll0u9nrq-61c4039656b346cc822453d22a353263 av-special-heading-h2 blockquote modern-quote  avia-builder-el-19  el_before_av_textblock  avia-builder-el-first '><h2 class='av-special-heading-tag'  itemprop=\"headline\"  >Feladatunk<\/h2><div class=\"special-heading-border\"><div class=\"special-heading-inner-border\"><\/div><\/div><\/div><br \/>\n<section  class='av_textblock_section av-ll0uance-e3ecb313f2aa0a0dbe4bd1064d1ee748 '   itemscope=\"itemscope\" itemtype=\"https:\/\/schema.org\/CreativeWork\" ><div class='avia_textblock'  itemprop=\"text\" ><p><strong>Lakoss\u00e1gi \u00e9s k\u00f6z\u00fcleti \u00fcgyfeleink ig\u00e9nyeit szolg\u00e1ljuk ki saj\u00e1t fejleszt\u00e9s\u0171 AC \u00e9s DC t\u00f6lt\u0151kkel. A projektek kivitelez\u00e9s\u00e9hez az al\u00e1bbi szolg\u00e1ltat\u00e1sokat biztos\u00edtjuk: <\/strong><\/p>\n<ul>\n<li>tan\u00e1csad\u00e1st a legmegfelel\u0151bb elektromosaut\u00f3-t\u00f6lt\u0151 kiv\u00e1laszt\u00e1s\u00e1hoz<\/li>\n<li>a h\u00e1l\u00f3zat\u00e9p\u00edt\u00e9sre alkalmas elektromos kapacit\u00e1s felm\u00e9r\u00e9s\u00e9t,<\/li>\n<li>telep\u00edt\u00e9si, komplett kiviteli terv k\u00e9sz\u00edt\u00e9s\u00e9t,<\/li>\n<li>telep\u00edt\u00e9st, \u00fczembehelyez\u00e9st,<\/li>\n<li>\u00fczemeltet\u00e9st, karbantart\u00e1st,<\/li>\n<li>\u00e9s e-mobilit\u00e1s szolg\u00e1ltat\u00e1st.<\/li>\n<\/ul>\n<\/div><\/section><\/p><\/div>\n<\/p>\n<\/div><\/div><\/div><!-- close content main div --><\/div><\/div><div id='av_section_5'  class='avia-section av-79gk-dd38b3759d9b4a98335c4201b86f8651 main_color avia-section-default avia-no-border-styling  avia-builder-el-21  el_after_av_section  avia-builder-el-last  avia-bg-style-scroll container_wrap fullsize'  ><div class='container av-section-cont-open' ><div class='template-page content  av-content-full alpha units'><div class='post-entry post-entry-type-page post-entry-1174'><div class='entry-content-wrapper clearfix'>\n<div  class='flex_column av-609c-8157c8f0bd1168c95ea5c2d427a5cb75 av_one_half  avia-builder-el-22  el_before_av_one_half  avia-builder-el-first  first flex_column_div  '     ><p>\n<style type=\"text\/css\" data-created_by=\"avia_inline_auto\" id=\"style-css-av-ll0ubjaq-0f653a929ba42b14b80c1da9dad3b3c5\">\n#top .av-special-heading.av-ll0ubjaq-0f653a929ba42b14b80c1da9dad3b3c5{\npadding-bottom:10px;\n}\nbody .av-special-heading.av-ll0ubjaq-0f653a929ba42b14b80c1da9dad3b3c5 .av-special-heading-tag .heading-char{\nfont-size:25px;\n}\n.av-special-heading.av-ll0ubjaq-0f653a929ba42b14b80c1da9dad3b3c5 .av-subheading{\nfont-size:15px;\n}\n<\/style>\n<div  class='av-special-heading av-ll0ubjaq-0f653a929ba42b14b80c1da9dad3b3c5 av-special-heading-h2 blockquote modern-quote  avia-builder-el-23  el_before_av_textblock  avia-builder-el-first '><h2 class='av-special-heading-tag'  itemprop=\"headline\"  >Innovat\u00edv megold\u00e1sunk<\/h2><div class=\"special-heading-border\"><div class=\"special-heading-inner-border\"><\/div><\/div><\/div><br \/>\n<section  class='av_textblock_section av-ll0uc5tq-828b2615df9938c562bf5ef64ad188e1 '   itemscope=\"itemscope\" itemtype=\"https:\/\/schema.org\/CreativeWork\" ><div class='avia_textblock'  itemprop=\"text\" ><p><strong>Intelligens t\u00f6lt\u00e9svez\u00e9rl\u0151vel felszerelt elektromos aut\u00f3 t\u00f6lt\u0151ink biztons\u00e1gos \u00e9s megb\u00edzhat\u00f3 t\u00f6lt\u00e9st biztos\u00edtanak.<\/strong><\/p>\n<p>A dinamikus energiaeloszt\u00e1si rendszer \u00e1ltal a t\u00f6lt\u0151berendez\u00e9sek k\u00e9pesek a h\u00e1z vagy ingatlan fel nem haszn\u00e1lt energi\u00e1j\u00e1t kihaszn\u00e1lni, elosztani, ez\u00e1ltal megv\u00e9deni a t\u00falterhel\u00e9st\u0151l.<\/p>\n<p>Tudjuk, hogy a siker el\u00e9r\u00e9s\u00e9hez, megb\u00edzhat\u00f3 szaktud\u00e1sra, hib\u00e1tlan term\u00e9kre, innovat\u00edv technol\u00f3gi\u00e1k alkalmaz\u00e1s\u00e1ra van sz\u00fcks\u00e9g, \u00edgy ennek megfelel\u0151en v\u00e9gezz\u00fck mindennapi tev\u00e9kenys\u00e9g\u00fcnket. Folyamatos fejleszt\u00e9ssel t\u00f6k\u00e9letes\u00edtj\u00fck \u00e9s b\u0151v\u00edtj\u00fck portf\u00f3li\u00f3nkat.<\/p>\n<\/div><\/section><\/p><\/div><div  class='flex_column av-2y2e-461eab034ec1934c50cc32e7971210be av_one_half  avia-builder-el-25  el_after_av_one_half  avia-builder-el-last  flex_column_div  '     ><style type=\"text\/css\" data-created_by=\"avia_inline_auto\" id=\"style-css-av-ll0uecgk-e53c571a3ac5015940f08a1f43102662\">\n.avia-image-container.av-ll0uecgk-e53c571a3ac5015940f08a1f43102662 img.avia_image{\nbox-shadow:none;\n}\n.avia-image-container.av-ll0uecgk-e53c571a3ac5015940f08a1f43102662 .av-image-caption-overlay-center{\ncolor:#ffffff;\n}\n<\/style>\n<div  class='avia-image-container av-ll0uecgk-e53c571a3ac5015940f08a1f43102662 av-styling- avia-align-center  avia-builder-el-26  avia-builder-el-no-sibling '   itemprop=\"image\" itemscope=\"itemscope\" itemtype=\"https:\/\/schema.org\/ImageObject\" ><div class=\"avia-image-container-inner\"><div class=\"avia-image-overlay-wrap\"><img decoding=\"async\" class='wp-image-1180 avia-img-lazy-loading-not-1180 avia_image ' src=\"https:\/\/epcharger.hu\/wp-content\/uploads\/Home-tolto-2-1024x523.jpg\" alt='' title='Home-tolto-2'  height=\"523\" width=\"1024\"  itemprop=\"thumbnailUrl\" srcset=\"https:\/\/epcharger.hu\/wp-content\/uploads\/Home-tolto-2-1024x523.jpg 1024w, https:\/\/epcharger.hu\/wp-content\/uploads\/Home-tolto-2-300x153.jpg 300w, https:\/\/epcharger.hu\/wp-content\/uploads\/Home-tolto-2-768x392.jpg 768w, https:\/\/epcharger.hu\/wp-content\/uploads\/Home-tolto-2-1536x785.jpg 1536w, https:\/\/epcharger.hu\/wp-content\/uploads\/Home-tolto-2-1500x766.jpg 1500w, https:\/\/epcharger.hu\/wp-content\/uploads\/Home-tolto-2-705x360.jpg 705w, https:\/\/epcharger.hu\/wp-content\/uploads\/Home-tolto-2.jpg 1920w\" sizes=\"(max-width: 1024px) 100vw, 1024px\" \/><\/div><\/div><\/div><\/div>\n\n","protected":false},"excerpt":{"rendered":"","protected":false},"author":2,"featured_media":0,"parent":0,"menu_order":0,"comment_status":"closed","ping_status":"open","template":"","meta":{"footnotes":""},"class_list":["post-1174","page","type-page","status-publish","hentry"],"_links":{"self":[{"href":"https:\/\/epcharger.hu\/de\/wp-json\/wp\/v2\/pages\/1174","targetHints":{"allow":["GET"]}}],"collection":[{"href":"https:\/\/epcharger.hu\/de\/wp-json\/wp\/v2\/pages"}],"about":[{"href":"https:\/\/epcharger.hu\/de\/wp-json\/wp\/v2\/types\/page"}],"author":[{"embeddable":true,"href":"https:\/\/epcharger.hu\/de\/wp-json\/wp\/v2\/users\/2"}],"replies":[{"embeddable":true,"href":"https:\/\/epcharger.hu\/de\/wp-json\/wp\/v2\/comments?post=1174"}],"version-history":[{"count":2,"href":"https:\/\/epcharger.hu\/de\/wp-json\/wp\/v2\/pages\/1174\/revisions"}],"predecessor-version":[{"id":1640,"href":"https:\/\/epcharger.hu\/de\/wp-json\/wp\/v2\/pages\/1174\/revisions\/1640"}],"wp:attachment":[{"href":"https:\/\/epcharger.hu\/de\/wp-json\/wp\/v2\/media?parent=1174"}],"curies":[{"name":"wp","href":"https:\/\/api.w.org\/{rel}","templated":true}]}}